{"id":130,"date":"2025-03-31T05:10:19","date_gmt":"2025-03-31T05:10:19","guid":{"rendered":"https:\/\/afripoul.ci\/?page_id=130"},"modified":"2025-04-07T01:50:46","modified_gmt":"2025-04-07T01:50:46","slug":"afripoussin","status":"publish","type":"page","link":"https:\/\/afripoul.ci\/en\/afripoussin\/","title":{"rendered":"Afripoussin"},"content":{"rendered":"<div data-elementor-type=\"wp-post\" data-elementor-id=\"130\" class=\"elementor elementor-130\" data-elementor-post-type=\"page\">\n\t\t\t\t\t\t<section class=\"elementor-section elementor-top-section elementor-element elementor-element-e23724a elementor-section-boxed elementor-section-height-default elementor-section-height-default\" data-id=\"e23724a\" data-element_type=\"section\" data-settings=\"{&quot;background_background&quot;:&quot;classic&quot;}\">\n\t\t\t\t\t\t<div class=\"elementor-container elementor-column-gap-default\">\n\t\t\t\t\t<div class=\"elementor-column elementor-col-100 elementor-top-column elementor-element elementor-element-1d6393f\" data-id=\"1d6393f\" data-element_type=\"column\">\n\t\t\t<div class=\"elementor-widget-wrap elementor-element-populated\">\n\t\t\t\t\t\t<div class=\"elementor-element elementor-element-dbcb864 elementor-widget elementor-widget-heading\" data-id=\"dbcb864\" data-element_type=\"widget\" data-widget_type=\"heading.default\">\n\t\t\t\t<div class=\"elementor-widget-container\">\n\t\t\t\t\t<h2 class=\"elementor-heading-title elementor-size-default\">Afripoussin<\/h2>\t\t\t\t<\/div>\n\t\t\t\t<\/div>\n\t\t\t\t\t<\/div>\n\t\t<\/div>\n\t\t\t\t\t<\/div>\n\t\t<\/section>\n\t\t\t\t<section class=\"elementor-section elementor-top-section elementor-element elementor-element-cf2db3d elementor-section-boxed elementor-section-height-default elementor-section-height-default\" data-id=\"cf2db3d\" data-element_type=\"section\" data-settings=\"{&quot;background_background&quot;:&quot;classic&quot;}\">\n\t\t\t\t\t\t<div class=\"elementor-container elementor-column-gap-default\">\n\t\t\t\t\t<div class=\"elementor-column elementor-col-50 elementor-top-column elementor-element elementor-element-43200c5\" data-id=\"43200c5\" data-element_type=\"column\">\n\t\t\t<div class=\"elementor-widget-wrap elementor-element-populated\">\n\t\t\t\t\t\t<div class=\"elementor-element elementor-element-b7a5541 elementor-widget elementor-widget-image\" data-id=\"b7a5541\" data-element_type=\"widget\" data-widget_type=\"image.default\">\n\t\t\t\t<div class=\"elementor-widget-container\">\n\t\t\t\t\t\t\t\t\t\t\t\t\t\t\t<img fetchpriority=\"high\" decoding=\"async\" width=\"380\" height=\"428\" src=\"https:\/\/afripoul.ci\/wp-content\/uploads\/2025\/03\/afripoussin.png\" class=\"attachment-large size-large wp-image-59\" alt=\"Afripoussin\" srcset=\"https:\/\/afripoul.ci\/wp-content\/uploads\/2025\/03\/afripoussin.png 380w, https:\/\/afripoul.ci\/wp-content\/uploads\/2025\/03\/afripoussin-266x300.png 266w\" sizes=\"(max-width: 380px) 100vw, 380px\" \/>\t\t\t\t\t\t\t\t\t\t\t\t\t\t\t<\/div>\n\t\t\t\t<\/div>\n\t\t\t\t\t<\/div>\n\t\t<\/div>\n\t\t\t\t<div class=\"elementor-column elementor-col-50 elementor-top-column elementor-element elementor-element-f7d4814\" data-id=\"f7d4814\" data-element_type=\"column\">\n\t\t\t<div class=\"elementor-widget-wrap elementor-element-populated\">\n\t\t\t\t\t\t<div class=\"elementor-element elementor-element-c53fda6 elementor-widget elementor-widget-text-editor\" data-id=\"c53fda6\" data-element_type=\"widget\" data-widget_type=\"text-editor.default\">\n\t\t\t\t<div class=\"elementor-widget-container\">\n\t\t\t\t\t\t\t\t\t\u201c<i><span>Discover the Best Chicks for a Day!<\/span><\/i>\u201d\t\t\t\t\t\t\t\t<\/div>\n\t\t\t\t<\/div>\n\t\t\t\t\t<\/div>\n\t\t<\/div>\n\t\t\t\t\t<\/div>\n\t\t<\/section>\n\t\t\t\t<section class=\"elementor-section elementor-top-section elementor-element elementor-element-1eabb43 elementor-section-boxed elementor-section-height-default elementor-section-height-default\" data-id=\"1eabb43\" data-element_type=\"section\">\n\t\t\t\t\t\t<div class=\"elementor-container elementor-column-gap-default\">\n\t\t\t\t\t<div class=\"elementor-column elementor-col-100 elementor-top-column elementor-element elementor-element-5810725\" data-id=\"5810725\" data-element_type=\"column\">\n\t\t\t<div class=\"elementor-widget-wrap elementor-element-populated\">\n\t\t\t\t\t\t<div class=\"elementor-element elementor-element-8fad546 elementor-widget elementor-widget-text-editor\" data-id=\"8fad546\" data-element_type=\"widget\" data-widget_type=\"text-editor.default\">\n\t\t\t\t<div class=\"elementor-widget-container\">\n\t\t\t\t\t\t\t\t\t<p><span style=\"font-weight: 400;\">Thanks to its dedicated incubation and day-old chick production unit, <\/span><b>AFRIPOUSSIN<\/b><span style=\"font-weight: 400;\"> is the leading hatchery operator in West Africa. This unit not only produces day-old chicks, but also supervises all the activities of the<\/span><b>Afripoul farms<\/b><span style=\"font-weight: 400;\">.<\/span><\/p><p><b>The hatchery<\/b><b><br \/><\/b><span style=\"font-weight: 400;\"> This division specialises in the production of day-old broiler chicks and eggs from world-renowned genetic strains specifically adapted to tropical climates. Equipped with state-of-the-art incubators and hatcheries, the<\/span><b>Afripoul farms<\/b><span style=\"font-weight: 400;\"> reliably produces chicks marketed under the brand name <\/span><b>AFRIPOUSSIN<\/b><span style=\"font-weight: 400;\">both on the local market and in the sub-region.<\/span><\/p><p><b>Breeding farms<\/b><b><br \/><\/b> <b>Afripoul farms<\/b><span style=\"font-weight: 400;\"> has its own breeding flocks - producing both chicks and eggs - strategically located in the Abidjan and Yamoussoukro regions. These modern farms are regularly inspected by veterinarians and monitored by a team of experienced technicians. The combination of skilled human resources and advanced technology ensures the delivery of high-quality products that fully meet the needs of our farmers and customers. In addition, strict hygiene and biosecurity protocols are applied at all sites, underlining the Group's commitment to rigorous health standards in the livestock sector.<\/span><\/p><p><b>Broiler farms<\/b><b><br \/><\/b><span style=\"font-weight: 400;\"> To continuously supply its poultry slaughterhouse, <\/span><b>Afripoul farms<\/b><span style=\"font-weight: 400;\"> operates around 24 broiler farms dedicated to poultry production. A team of qualified technicians and veterinarians ensure that these farms comply with international standards. Throughout the production cycle, the poultry undergoes regular health inspections, ensuring that the animal proteins obtained meet food safety requirements.<\/span><\/p>\t\t\t\t\t\t\t\t<\/div>\n\t\t\t\t<\/div>\n\t\t\t\t\t<\/div>\n\t\t<\/div>\n\t\t\t\t\t<\/div>\n\t\t<\/section>\n\t\t\t\t<section class=\"elementor-section elementor-top-section elementor-element elementor-element-e16bbe1 elementor-section-boxed elementor-section-height-default elementor-section-height-default\" data-id=\"e16bbe1\" data-element_type=\"section\" data-settings=\"{&quot;background_background&quot;:&quot;classic&quot;}\">\n\t\t\t\t\t\t<div class=\"elementor-container elementor-column-gap-default\">\n\t\t\t\t\t<div class=\"elementor-column elementor-col-50 elementor-top-column elementor-element elementor-element-d8fd6bc\" data-id=\"d8fd6bc\" data-element_type=\"column\">\n\t\t\t<div class=\"elementor-widget-wrap elementor-element-populated\">\n\t\t\t\t\t\t<div class=\"elementor-element elementor-element-b965583 elementor-widget elementor-widget-text-editor\" data-id=\"b965583\" data-element_type=\"widget\" data-widget_type=\"text-editor.default\">\n\t\t\t\t<div class=\"elementor-widget-container\">\n\t\t\t\t\t\t\t\t\t<strong>Get connected!<\/strong>\t\t\t\t\t\t\t\t<\/div>\n\t\t\t\t<\/div>\n\t\t\t\t<div class=\"elementor-element elementor-element-ab9d2a8 elementor-widget elementor-widget-text-editor\" data-id=\"ab9d2a8\" data-element_type=\"widget\" data-widget_type=\"text-editor.default\">\n\t\t\t\t<div class=\"elementor-widget-container\">\n\t\t\t\t\t\t\t\t\tDo you have a question or need help? Contact AFRIPOUL.CI, we're here to help!\n\n\t\t\t\t\t\t\t\t<\/div>\n\t\t\t\t<\/div>\n\t\t\t\t\t<\/div>\n\t\t<\/div>\n\t\t\t\t<div class=\"elementor-column elementor-col-50 elementor-top-column elementor-element elementor-element-6143232\" data-id=\"6143232\" data-element_type=\"column\">\n\t\t\t<div class=\"elementor-widget-wrap elementor-element-populated\">\n\t\t\t\t\t\t<div class=\"elementor-element elementor-element-ecc3c2f elementor-align-right elementor-mobile-align-left elementor-widget elementor-widget-button\" data-id=\"ecc3c2f\" data-element_type=\"widget\" data-widget_type=\"button.default\">\n\t\t\t\t<div class=\"elementor-widget-container\">\n\t\t\t\t\t\t\t\t\t<div class=\"elementor-button-wrapper\">\n\t\t\t\t\t<a class=\"elementor-button elementor-button-link elementor-size-sm\" href=\"https:\/\/afripoul.ci\/en\/contact\/\">\n\t\t\t\t\t\t<span class=\"elementor-button-content-wrapper\">\n\t\t\t\t\t\t\t\t\t<span class=\"elementor-button-text\">Contact us<\/span>\n\t\t\t\t\t<\/span>\n\t\t\t\t\t<\/a>\n\t\t\t\t<\/div>\n\t\t\t\t\t\t\t\t<\/div>\n\t\t\t\t<\/div>\n\t\t\t\t\t<\/div>\n\t\t<\/div>\n\t\t\t\t\t<\/div>\n\t\t<\/section>\n\t\t\t\t<\/div>","protected":false},"excerpt":{"rendered":"<p>Afripoussin \u201cD\u00e9couvrez les Meilleurs Poussins d\u2019un Jour !\u201d Gr\u00e2ce \u00e0 son unit\u00e9 d\u00e9di\u00e9e \u00e0 l\u2019incubation et \u00e0 la production de [&hellip;]<\/p>","protected":false},"author":2,"featured_media":0,"parent":0,"menu_order":0,"comment_status":"closed","ping_status":"closed","template":"","meta":{"site-sidebar-layout":"no-sidebar","site-content-layout":"","ast-site-content-layout":"full-width-container","site-content-style":"default","site-sidebar-style":"default","ast-global-header-display":"","ast-banner-title-visibility":"","ast-main-header-display":"","ast-hfb-above-header-display":"","ast-hfb-below-header-display":"","ast-hfb-mobile-header-display":"","site-post-title":"disabled","ast-breadcrumbs-content":"","ast-featured-img":"disabled","footer-sml-layout":"","theme-transparent-header-meta":"","adv-header-id-meta":"","stick-header-meta":"","header-above-stick-meta":"","header-main-stick-meta":"","header-below-stick-meta":"","astra-migrate-meta-layouts":"default","ast-page-background-enabled":"default","ast-page-background-meta":{"desktop":{"background-color":"var(--ast-global-color-5)","background-image":"","background-repeat":"repeat","background-position":"center center","background-size":"auto","background-attachment":"scroll","background-type":"","background-media":"","overlay-type":"","overlay-color":"","overlay-opacity":"","overlay-gradient":""},"tablet":{"background-color":"","background-image":"","background-repeat":"repeat","background-position":"center center","background-size":"auto","background-attachment":"scroll","background-type":"","background-media":"","overlay-type":"","overlay-color":"","overlay-opacity":"","overlay-gradient":""},"mobile":{"background-color":"","background-image":"","background-repeat":"repeat","background-position":"center center","background-size":"auto","background-attachment":"scroll","background-type":"","background-media":"","overlay-type":"","overlay-color":"","overlay-opacity":"","overlay-gradient":""}},"ast-content-background-meta":{"desktop":{"background-color":"var(--ast-global-color-4)","background-image":"","background-repeat":"repeat","background-position":"center center","background-size":"auto","background-attachment":"scroll","background-type":"","background-media":"","overlay-type":"","overlay-color":"","overlay-opacity":"","overlay-gradient":""},"tablet":{"background-color":"var(--ast-global-color-4)","background-image":"","background-repeat":"repeat","background-position":"center center","background-size":"auto","background-attachment":"scroll","background-type":"","background-media":"","overlay-type":"","overlay-color":"","overlay-opacity":"","overlay-gradient":""},"mobile":{"background-color":"var(--ast-global-color-4)","background-image":"","background-repeat":"repeat","background-position":"center center","background-size":"auto","background-attachment":"scroll","background-type":"","background-media":"","overlay-type":"","overlay-color":"","overlay-opacity":"","overlay-gradient":""}},"footnotes":""},"class_list":["post-130","page","type-page","status-publish","hentry"],"_links":{"self":[{"href":"https:\/\/afripoul.ci\/en\/wp-json\/wp\/v2\/pages\/130","targetHints":{"allow":["GET"]}}],"collection":[{"href":"https:\/\/afripoul.ci\/en\/wp-json\/wp\/v2\/pages"}],"about":[{"href":"https:\/\/afripoul.ci\/en\/wp-json\/wp\/v2\/types\/page"}],"author":[{"embeddable":true,"href":"https:\/\/afripoul.ci\/en\/wp-json\/wp\/v2\/users\/2"}],"replies":[{"embeddable":true,"href":"https:\/\/afripoul.ci\/en\/wp-json\/wp\/v2\/comments?post=130"}],"version-history":[{"count":25,"href":"https:\/\/afripoul.ci\/en\/wp-json\/wp\/v2\/pages\/130\/revisions"}],"predecessor-version":[{"id":359,"href":"https:\/\/afripoul.ci\/en\/wp-json\/wp\/v2\/pages\/130\/revisions\/359"}],"wp:attachment":[{"href":"https:\/\/afripoul.ci\/en\/wp-json\/wp\/v2\/media?parent=130"}],"curies":[{"name":"wp","href":"https:\/\/api.w.org\/{rel}","templated":true}]}}